{"id":19,"date":"2011-11-18T22:21:07","date_gmt":"2011-11-19T03:21:07","guid":{"rendered":"http:\/\/felixarseneau.wordpress.com\/?page_id=19"},"modified":"2011-11-18T22:21:07","modified_gmt":"2011-11-19T03:21:07","slug":"grenier","status":"publish","type":"page","link":"https:\/\/felixarseneau.com\/trouvequipeut\/grenier\/","title":{"rendered":"Mon grenier"},"content":{"rendered":"<p>Voici quelques sites que j&rsquo;ai cr\u00e9\u00e9s pour diff\u00e9rentes occasions, qui ont \u00e9t\u00e9 abandonn\u00e9s ou perdus dans le trou noir du cyberespace.<\/p>\n<ul>\n<li><em><a title=\"Photoshop pour le Web\" href=\"http:\/\/influide.ca\/grenier\/photoshop\/\">Photoshop pour le Web<br \/>\n<\/a><\/em>Il s&rsquo;agit d&rsquo;un cours que j&rsquo;ai r\u00e9alis\u00e9 lorsque j&rsquo;ai travaill\u00e9 au <em>Service de l&rsquo;informatique et des t\u00e9l\u00e9communications (SIT)<\/em> \u00e0 l&rsquo;Universit\u00e9 Laval, quelque part au d\u00e9but des ann\u00e9es 2000.<\/li>\n<li><em><a title=\"Le traitement de la langue japonaise \u00e0 l'aide de l'ordinateur\" href=\"http:\/\/influide.ca\/grenier\/japonais\">Le traitement de la langue japonaise \u00e0 l&rsquo;aide de l&rsquo;ordinateur<\/a><br \/>\n<\/em>Travail universitaire dans le cours <em>Analyse de textes et ordinateur<\/em> \u00e0 l&rsquo;Universit\u00e9 de Montr\u00e9al en 2004.<\/li>\n<\/ul>\n<p>Plus \u00e0 venir&#8230;<\/p>\n","protected":false},"excerpt":{"rendered":"<p>Voici quelques sites que j&rsquo;ai cr\u00e9\u00e9s pour diff\u00e9rentes occasions, qui ont \u00e9t\u00e9 abandonn\u00e9s ou perdus dans le trou noir du cyberespace. Photoshop pour le Web Il s&rsquo;agit d&rsquo;un cours que j&rsquo;ai r\u00e9alis\u00e9 lorsque j&rsquo;ai travaill\u00e9 au Service de l&rsquo;informatique et des t\u00e9l\u00e9communications (SIT) \u00e0 l&rsquo;Universit\u00e9 Laval, quelque part au d\u00e9but des ann\u00e9es 2000. Le traitement [&hellip;]<\/p>\n","protected":false},"author":2,"featured_media":0,"parent":0,"menu_order":0,"comment_status":"open","ping_status":"open","template":"","meta":{"_exactmetrics_skip_tracking":false,"_exactmetrics_sitenote_active":false,"_exactmetrics_sitenote_note":"","_exactmetrics_sitenote_category":0,"jetpack_post_was_ever_published":false,"footnotes":""},"class_list":["post-19","page","type-page","status-publish","hentry"],"jetpack_sharing_enabled":false,"jetpack_shortlink":"https:\/\/wp.me\/P9D2Ec-j","jetpack_likes_enabled":true,"jetpack-related-posts":[],"_links":{"self":[{"href":"https:\/\/felixarseneau.com\/trouvequipeut\/wp-json\/wp\/v2\/pages\/19","targetHints":{"allow":["GET"]}}],"collection":[{"href":"https:\/\/felixarseneau.com\/trouvequipeut\/wp-json\/wp\/v2\/pages"}],"about":[{"href":"https:\/\/felixarseneau.com\/trouvequipeut\/wp-json\/wp\/v2\/types\/page"}],"author":[{"embeddable":true,"href":"https:\/\/felixarseneau.com\/trouvequipeut\/wp-json\/wp\/v2\/users\/2"}],"replies":[{"embeddable":true,"href":"https:\/\/felixarseneau.com\/trouvequipeut\/wp-json\/wp\/v2\/comments?post=19"}],"version-history":[{"count":0,"href":"https:\/\/felixarseneau.com\/trouvequipeut\/wp-json\/wp\/v2\/pages\/19\/revisions"}],"wp:attachment":[{"href":"https:\/\/felixarseneau.com\/trouvequipeut\/wp-json\/wp\/v2\/media?parent=19"}],"curies":[{"name":"wp","href":"https:\/\/api.w.org\/{rel}","templated":true}]}}