{"id":5,"date":"2011-11-18T17:32:36","date_gmt":"2011-11-18T17:32:36","guid":{"rendered":"http:\/\/felixarseneau.wordpress.com\/?page_id=2"},"modified":"2011-11-18T17:32:36","modified_gmt":"2011-11-18T17:32:36","slug":"a_propos","status":"publish","type":"page","link":"https:\/\/felixarseneau.com\/trouvequipeut\/a_propos\/","title":{"rendered":"\u00c0 propos de moi"},"content":{"rendered":"<p>Je suis <strong>F\u00e9lix Arseneau<\/strong> &#8212; et oui, mon nom de famille se termine par \u00ab\u00a0eau\u00a0\u00bb, merci de le remarquer.<\/p>\n<p>Mis \u00e0 part partager mes obsessions (et mes trucs) sur ce carnet web, je fais principalement trois choses :<\/p>\n<ul>\n<li><strong>travailler sur l&rsquo;information<\/strong> pour la mettre en \u00e9vidence et en valeur: la rendre accessible, facile \u00e0 comprendre et \u00e0 utiliser;<\/li>\n<li><strong>transmettre mon savoir<\/strong>, \u00e0 titre de consultant, d&rsquo;enseignant ou de conf\u00e9rencier;<\/li>\n<li><strong>mettre en lien<\/strong> des gens et les entreprises qui ont des expertises compl\u00e9mentaires, des int\u00e9r\u00eats communs, ou qui gagneraient \u00e0 se conna\u00eetre.<\/li>\n<\/ul>\n<p>Ayant \u00e9t\u00e9 graphiste, formateur en informatique, responsable des communications internes, biblioth\u00e9caire, assistant de recherche, et j&rsquo;en passe (\u00ab\u00a0j&rsquo;en passe\u00a0\u00bb \u00e9tant le plus beau m\u00e9tier du monde!), j&rsquo;ai une <strong>connaissance \u00e9largie des m\u00e9tiers de l&rsquo;information et des communications<\/strong>.<\/p>\n<p>Ayant comme ambition de mettre mes talents au service du monde entier, j&rsquo;offre d&rsquo;abord des services de <strong>conseil<\/strong> aupr\u00e8s des entreprises en croissance et aux particuliers en affaires qui souhaitent \u00eatre mieux organis\u00e9s avec l&rsquo;information importante pour eux.<\/p>\n<p>Je suis aussi un \u00ab\u00a0connecteur\u00a0\u00bb d&rsquo;entreprises en B2B : je mets en lien fournisseurs \u00e0 la recherche de clients et vice versa, et favorise l&rsquo;\u00e9closion de partenariats entre entreprises dans les industries de l&rsquo;information qui ont des affinit\u00e9s.<\/p>\n<h2>Youhou! Je suis connu! Mais encore?<\/h2>\n<p>Depuis je suis apparu dans les m\u00e9dias de masse (La Presse, RCI, etc.), on me d\u00e9crit souvent comme un sp\u00e9cialiste de la gestion des courriels. Le fameux \u00ab\u00a0e-mail\u00a0\u00bb est parfois per\u00e7u comme la cause de tous les maux (un \u00ab\u00a0e-mal\u00a0\u00bb?).<\/p>\n<p>Or, cette omnipr\u00e9sente messagerie \u00e9lectronique fait tout de m\u00eame partie de tout un \u00ab\u00a0\u00e9cosyst\u00e8me\u00a0\u00bb d&rsquo;information!<\/p>\n<p>Pour une utilisation *optimale* (strat\u00e9gique et sens\u00e9e) de l&rsquo;information au bureau, sous quelle forme qu&rsquo;elle soit, il est imp\u00e9ratif que les actions s&rsquo;alignent avec une strat\u00e9gie coh\u00e9rente avec les objectifs de l&rsquo;entreprise.<\/p>\n<p>Ma mission et ma passion est de trouver des *solutions* qui collent \u00e0 la r\u00e9alit\u00e9 sp\u00e9cifique des individus et des organisations, en respectant ce qui les rend *uniques*.<\/p>\n<p>Les clients peuvent ainsi:<\/p>\n<p>1) sauver du temps et des co\u00fbts inutiles;<br \/>\n2) r\u00e9duire le stress de toutes les personnes affect\u00e9es par une mauvaise gestion de l&rsquo;information;<br \/>\n3) projeter une image plus *inspirante* aupr\u00e8s de leur client\u00e8les &#8212; internes et externes!<\/p>\n<p>Contactez-moi pour \u00e9clairer vos choix!<\/p>\n<p>F\u00e9lix Arseneau<\/p>\n<p>Pour en savoir plus sur mon entreprise\u00a0: <a href=\"http:\/\/olucio.com\/?utm_source=TQPpageAproposDeMoi&amp;utm_medium=lien&amp;utm_content=160710TexteURLOlucio&amp;utm_campaign=lancement\">www.olucio.com<\/a><\/p>\n<p>Autres endroits pour me joindre :<\/p>\n<ul>\n<li><a title=\"Profil LinkedIn de F\u00e9lix Arseneau\" href=\"http:\/\/ca.linkedin.com\/in\/felixarseneau\/\">F\u00e9lix Arseneau (profil LinkedIn)<\/a><\/li>\n<li><a title=\"Profil Google+ de F\u00e9lix Arseneau\" href=\"https:\/\/plus.google.com\/105822122096105332508\/about\" rel=\"me\">F\u00e9lix Arseneau (profil Google+)<\/a><\/li>\n<li><a title=\"&quot;Gestion strat\u00e9gique de l'information (GSI)&quot; : groupe LinkedIn\" href=\"http:\/\/www.linkedin.com\/groups\/?gid=3942187\">Groupe LinkedIn \u00ab\u00a0Gestion strat\u00e9gique de l&rsquo;information (GSI)\u00a0\u00bb<\/a><\/li>\n<\/ul>\n","protected":false},"excerpt":{"rendered":"<p>Je suis F\u00e9lix Arseneau &#8212; et oui, mon nom de famille se termine par \u00ab\u00a0eau\u00a0\u00bb, merci de le remarquer. Mis \u00e0 part partager mes obsessions (et mes trucs) sur ce carnet web, je fais principalement trois choses : travailler sur l&rsquo;information pour la mettre en \u00e9vidence et en valeur: la rendre accessible, facile \u00e0 comprendre [&hellip;]<\/p>\n","protected":false},"author":2,"featured_media":0,"parent":0,"menu_order":0,"comment_status":"open","ping_status":"open","template":"","meta":{"_exactmetrics_skip_tracking":false,"_exactmetrics_sitenote_active":false,"_exactmetrics_sitenote_note":"","_exactmetrics_sitenote_category":0,"jetpack_post_was_ever_published":false,"footnotes":""},"class_list":["post-5","page","type-page","status-publish","hentry"],"jetpack_sharing_enabled":true,"jetpack_shortlink":"https:\/\/wp.me\/P9D2Ec-5","jetpack_likes_enabled":true,"jetpack-related-posts":[],"_links":{"self":[{"href":"https:\/\/felixarseneau.com\/trouvequipeut\/wp-json\/wp\/v2\/pages\/5","targetHints":{"allow":["GET"]}}],"collection":[{"href":"https:\/\/felixarseneau.com\/trouvequipeut\/wp-json\/wp\/v2\/pages"}],"about":[{"href":"https:\/\/felixarseneau.com\/trouvequipeut\/wp-json\/wp\/v2\/types\/page"}],"author":[{"embeddable":true,"href":"https:\/\/felixarseneau.com\/trouvequipeut\/wp-json\/wp\/v2\/users\/2"}],"replies":[{"embeddable":true,"href":"https:\/\/felixarseneau.com\/trouvequipeut\/wp-json\/wp\/v2\/comments?post=5"}],"version-history":[{"count":0,"href":"https:\/\/felixarseneau.com\/trouvequipeut\/wp-json\/wp\/v2\/pages\/5\/revisions"}],"wp:attachment":[{"href":"https:\/\/felixarseneau.com\/trouvequipeut\/wp-json\/wp\/v2\/media?parent=5"}],"curies":[{"name":"wp","href":"https:\/\/api.w.org\/{rel}","templated":true}]}}